{"id":1106,"date":"2022-03-11T08:27:42","date_gmt":"2022-03-11T07:27:42","guid":{"rendered":"https:\/\/absoluteconstruction.es\/aviso-legal\/"},"modified":"2022-03-11T09:08:28","modified_gmt":"2022-03-11T08:08:28","slug":"aviso-legal","status":"publish","type":"page","link":"https:\/\/absoluteconstruction.es\/de\/aviso-legal\/","title":{"rendered":"Legal"},"content":{"rendered":"\t\t<div data-elementor-type=\"wp-page\" data-elementor-id=\"1106\" class=\"elementor elementor-1106\">\n\t\t\t\t\t\t<section class=\"elementor-section elementor-top-section elementor-element elementor-element-12d98f9 elementor-section-boxed elementor-section-height-default elementor-section-height-default\" data-id=\"12d98f9\" data-element_type=\"section\">\n\t\t\t\t\t\t<div class=\"elementor-container elementor-column-gap-default\">\n\t\t\t\t\t<div class=\"elementor-column elementor-col-100 elementor-top-column elementor-element elementor-element-70bab28\" data-id=\"70bab28\" data-element_type=\"column\">\n\t\t\t<div class=\"elementor-widget-wrap elementor-element-populated\">\n\t\t\t\t\t\t<div class=\"elementor-element elementor-element-a02cbe8 elementor-widget elementor-widget-heading\" data-id=\"a02cbe8\" data-element_type=\"widget\" data-widget_type=\"heading.default\">\n\t\t\t\t<div class=\"elementor-widget-container\">\n\t\t\t<h1 class=\"elementor-heading-title elementor-size-default\">Aviso Legal y Condiciones de Uso<\/h1>\t\t<\/div>\n\t\t\t\t<\/div>\n\t\t\t\t<div class=\"elementor-element elementor-element-91ed55e elementor-widget elementor-widget-text-editor\" data-id=\"91ed55e\" data-element_type=\"widget\" data-widget_type=\"text-editor.default\">\n\t\t\t\t<div class=\"elementor-widget-container\">\n\t\t\t\t\t\t\t<p><strong>Titularidad del Sitio Web<\/strong><\/p>\n<p>En cumplimiento con el deber de informaci\u00f3n recogido en el art\u00edculo 10 de la Ley 34\/2002 de 11 de julio, de Servicios de la Sociedad de la Informaci\u00f3n le comunicamos que el presente Sitio Web tiene como titular a:<\/p>\n<p>OBRAS Y SERVICIOS ABSOLUTE, S.L. (en adelante, ABSOLUTE CONSTRUCTION)<\/p>\n<p>Domicilio social en C\/ Loaces, 5 5\u00baB \u2013 03300 Orihuela (Alicante).<\/p>\n<p>C.I.F.: B-42695221<\/p>\n<p>Inscrita en el Registro Mercantil de Alicante, Tomo 4.292, Folio 45, Hoja A-169.600, Inscripci\u00f3n 1\u00aa.<\/p>\n<p>Email: info@absoluteconstruction.es<\/p>\n<p>\u00a0<\/p>\n<p><strong>Finalidad<\/strong><\/p>\n<p>El presente documento tiene como finalidad el establecer y regular las normas de uso del Sitio www.absoluteconstruction.es (en adelante el &#8220;Sitio&#8221;), entendiendo por Sitio todas las p\u00e1ginas y sus contenidos a las cuales se accede a trav\u00e9s del dominio y sus subdominios.<\/p>\n<p>\u00a0<\/p>\n<p>La utilizaci\u00f3n del Sitio atribuye la condici\u00f3n de Usuario de este e implica la aceptaci\u00f3n de todas las condiciones incluidas en el presente Aviso Legal. Las citadas Condiciones ser\u00e1n de aplicaci\u00f3n independientemente de las Condiciones Generales de Contrataci\u00f3n que en su caso resulten de obligado cumplimiento. El Usuario se compromete a leer atentamente el presente Aviso Legal en cada una de las ocasiones en que se proponga utilizar el Sitio, ya que \u00e9ste y sus condiciones de uso recogidas en el presente Aviso Legal pueden sufrir modificaciones.<\/p>\n<p>\u00a0<\/p>\n<p>\u00a0<\/p>\n<p><strong>Propiedad intelectual e industrial<\/strong><\/p>\n<p>ABSOLUTE CONSTRUCTION por s\u00ed o como cesionaria, es titular de todos los derechos de propiedad intelectual e industrial de su p\u00e1gina web, as\u00ed como de los elementos contenidos en la misma (a t\u00edtulo enunciativo, im\u00e1genes, sonido, audio, v\u00eddeo, software o textos; marcas o logotipos, combinaciones de colores, estructura y dise\u00f1o, selecci\u00f3n de materiales usados, programas de ordenador necesarios para su funcionamiento, acceso y uso, etc.), titularidad de ABSOLUTE CONSTRUCTION o bien de sus licenciantes. En virtud de lo dispuesto en los art\u00edculos 8 y 32.1, p\u00e1rrafo segundo, de la Ley de Propiedad Intelectual, quedan expresamente prohibidas la reproducci\u00f3n, la distribuci\u00f3n y la comunicaci\u00f3n p\u00fablica, incluida su modalidad de puesta a disposici\u00f3n, de la totalidad o parte de los contenidos de esta p\u00e1gina web, con fines comerciales, en cualquier soporte y por cualquier medio t\u00e9cnico, sin la autorizaci\u00f3n de ABSOLUTE CONSTRUCTION. El USUARIO se compromete a respetar los derechos de Propiedad Intelectual e Industrial titularidad de ABSOLUTE CONSTRUCTION. Podr\u00e1 visualizar los elementos del portal e incluso imprimirlos, copiarlos y almacenarlos en el disco duro de su ordenador o en cualquier otro soporte f\u00edsico siempre y cuando sea, \u00fanica y exclusivamente, para su uso personal y privado. El USUARIO deber\u00e1 abstenerse de suprimir, alterar, eludir o manipular cualquier dispositivo de protecci\u00f3n o sistema de seguridad que estuviera instalado en las p\u00e1ginas de ABSOLUTE CONSTRUCTION.<\/p>\n<p>\u00a0<\/p>\n<p>\u00a0<\/p>\n<p><strong>Condiciones de uso del portal para los usuarios<\/strong><\/p>\n<p>El acceso al presente Sitio es gratuito salvo en lo relativo al coste de la conexi\u00f3n a trav\u00e9s de la red de telecomunicaciones suministrada por el proveedor de acceso contratado por los usuarios.<\/p>\n<p>\u00a0<\/p>\n<p>Queda expresamente prohibido el uso del Sitio con fines lesivos de bienes o intereses de ABSOLUTE CONSTRUCTION o de terceros o que de cualquier otra forma sobrecarguen, da\u00f1en o inutilicen las redes, servidores y dem\u00e1s equipos inform\u00e1ticos (hardware) o productos y aplicaciones inform\u00e1ticas (software) de ABSOLUTE CONSTRUCTION, o de terceros.<\/p>\n<p>\u00a0<\/p>\n<p>El USUARIO asume la responsabilidad del uso del portal. Dicha responsabilidad se extiende al registro que fuese necesario para acceder a determinados servicios o contenidos. En dicho registro el USUARIO ser\u00e1 responsable de aportar informaci\u00f3n veraz y l\u00edcita. Como consecuencia de este registro, al USUARIO se le puede proporcionar una contrase\u00f1a de la que ser\u00e1 responsable, comprometi\u00e9ndose a hacer un uso diligente y confidencial de la misma. El USUARIO se compromete a hacer un uso adecuado de los contenidos y servicios (como por ejemplo servicios de chat, foros de discusi\u00f3n o grupos de noticias) que ABSOLUTE CONSTRUCTION ofrece a trav\u00e9s de su portal y con car\u00e1cter enunciativo pero no limitativo, a no emplearlos para (i) incurrir en actividades il\u00edcitas, ilegales o contrarias a la buena fe y al orden p\u00fablico; (ii) difundir contenidos o propaganda de car\u00e1cter racista, xen\u00f3fobo, pornogr\u00e1fico-ilegal, de apolog\u00eda del terrorismo o atentatorio contra los derechos humanos; (iii) provocar da\u00f1os en los sistemas f\u00edsicos y l\u00f3gicos de ABSOLUTE CONSTRUCTION, de sus proveedores o de terceras personas, introducir o difundir en la red virus inform\u00e1ticos o cualesquiera otros sistemas f\u00edsicos o l\u00f3gicos que sean susceptibles de provocar los da\u00f1os anteriormente mencionados; (iv) intentar acceder y, en su caso, utilizar las cuentas de correo electr\u00f3nico de otros usuarios y modificar o manipular sus mensajes. ABSOLUTE CONSTRUCTION se reserva el derecho de retirar todos aquellos comentarios y aportaciones que vulneren el respeto a la dignidad de la persona, que sean discriminatorios, xen\u00f3fobos, racistas, pornogr\u00e1ficos, que atenten contra la juventud o la infancia, el orden o la seguridad p\u00fablica o que, a su juicio, no resultaran adecuados para su publicaci\u00f3n. En cualquier caso, ABSOLUTE CONSTRUCTION no ser\u00e1 responsable de las opiniones vertidas por los usuarios a trav\u00e9s de los foros, chats, u otras herramientas de participaci\u00f3n. ABSOLUTE CONSTRUCTION se reserva el derecho a denegar o retirar el acceso a portal y\/o los servicios ofrecidos sin necesidad de preaviso, a instancia propia o de un tercero, a aquellos usuarios que incumplan las presentes Condiciones Generales de Uso.<\/p>\n<p>\u00a0<\/p>\n<p>ABSOLUTE CONSTRUCTION perseguir\u00e1 el incumplimiento de las presentes condiciones, as\u00ed como cualquier utilizaci\u00f3n indebida de su portal ejerciendo todas las acciones civiles y penales que le puedan corresponder en derecho.<\/p>\n<p>\u00a0<\/p>\n<p>En el caso de que el Usuario tuviera conocimiento de que los Sitios enlazados remiten a p\u00e1ginas cuyos contenidos o servicios son il\u00edcitos, nocivos, denigrantes, violentos o contrarios a la moral le agradecer\u00edamos que se pusiera en contacto con ABSOLUTE CONSTRUCTION.<\/p>\n<p>\u00a0<\/p>\n<p>\u00a0<\/p>\n<p><strong>Pol\u00edtica de Protecci\u00f3n de Datos<\/strong><\/p>\n<p>Como prestadores, garantizamos la protecci\u00f3n de los datos de nuestros clientes y usuarios. Este web no reconoce de modo autom\u00e1tico ning\u00fan dato referente a la identidad de los visitantes de sus p\u00e1ginas. No obstante, lo anterior, en los servicios online ofrecidos, con el objeto de garantizar la seguridad y confidencialidad, ser\u00e1 necesaria la previa identificaci\u00f3n y autenticaci\u00f3n del usuario en el sistema, a trav\u00e9s de la solicitud de claves de acceso. En aquellos supuestos en que el usuario solicite informaci\u00f3n sobre servicios o productos o desee realizar la tramitaci\u00f3n de reclamaciones o incidencias, a trav\u00e9s del env\u00edo de formularios residentes en p\u00e1ginas del web, ser\u00e1 en todo caso necesario recoger aquellos datos personales que correspondan para poder informarle sobre su solicitud.<\/p>\n<p>\u00a0<\/p>\n<p>Como prestadores de servicios de la sociedad de la informaci\u00f3n y responsables de los ficheros de datos personales, informamos a los usuarios de este web que todos los datos de car\u00e1cter personal ser\u00e1n tratados con absoluta confidencialidad, siendo utilizados para las finalidades que han sido solicitados, en el marco de la normativa vigente de Protecci\u00f3n de Datos, la Ley 34\/2002, de 11 de julio, de servicios de la sociedad de la informaci\u00f3n y de comercio electr\u00f3nico (LSSI-CE) y dem\u00e1s normas jur\u00eddicas aplicables.<\/p>\n<p>Puede consultar el detalle de nuestra protecci\u00f3n de datos en www.absoluteconstruction.es.<\/p>\n<p>\u00a0<\/p>\n<p>\u00a0<\/p>\n<p><strong>Exclusi\u00f3n de responsabilidad<\/strong><\/p>\n<p>El contenido, programas, informaci\u00f3n y\/o consejos expresados en este Sitio deben entenderse como simplemente orientativos. ABSOLUTE CONSTRUCTION no responde de ninguna forma de la efectividad o exactitud de estos, quedando exenta de cualquier responsabilidad contractual o extracontractual con los Usuarios que haga uso de ellos, ya que son \u00e9stas las que deber\u00e1n decidir seg\u00fan su criterio la oportunidad de estos.<\/p>\n<p>\u00a0<\/p>\n<p>En este Sitio se pueden publicar contenidos aportados por terceras personas o empresas, ABSOLUTE CONSTRUCTION no responde de la veracidad y exactitud de estos, quedando exenta de cualquier responsabilidad contractual o extracontractual con los Usuarios que hagan uso de ellos.<\/p>\n<p>\u00a0<\/p>\n<p>ABSOLUTE CONSTRUCTION se reserva el derecho de efectuar sin previo aviso las modificaciones que considere oportunas en su portal, pudiendo cambiar, suprimir o a\u00f1adir tanto los contenidos y servicios que se presten a trav\u00e9s de esta como la forma en la que \u00e9stos aparezcan presentados o localizados en su portal.<\/p>\n<p>\u00a0<\/p>\n<p>Asimismo, declina cualquier responsabilidad por los eventuales da\u00f1os y perjuicios que puedan ocasionarse por la falta de disponibilidad y\/o continuidad de este Sitio y de los servicios que se ofrecen en \u00e9l.<\/p>\n<p>\u00a0<\/p>\n<p>ABSOLUTE CONSTRUCTION no garantiza la ausencia de virus ni de otros elementos en la web que puedan producir alteraciones en su sistema inform\u00e1tico. ABSOLUTE CONSTRUCTION declina cualquier responsabilidad contractual o extracontractual con los Usuarios que hagan uso de ello y tuviera perjuicios de cualquier naturaleza ocasionados por virus inform\u00e1ticos o por elementos inform\u00e1ticos de cualquier \u00edndole.<\/p>\n<p>ABSOLUTE CONSTRUCTION declina cualquier responsabilidad por los servicios que eventualmente pudieran prestarse en el Sitio por parte de terceros.\u00a0<\/p>\n<p>\u00a0<\/p>\n<p>\u00a0<\/p>\n<p><strong>Enlaces<\/strong><\/p>\n<p>ABSOLUTE CONSTRUCTION declina cualquier responsabilidad por los servicios y\/o informaci\u00f3n que se preste en otros Sitios enlazados con este. En el caso de que en nombre del dominio se dispusiesen enlaces o hiperv\u00ednculos hac\u00eda otros sitios de Internet, ABSOLUTE CONSTRUCTION no ejercer\u00e1 ning\u00fan tipo de control sobre dichos sitios y contenidos. En ning\u00fan caso ABSOLUTE CONSTRUCTION asumir\u00e1 responsabilidad alguna por los contenidos de alg\u00fan enlace perteneciente a un sitio web ajeno, ni garantizar\u00e1 la disponibilidad t\u00e9cnica, calidad, fiabilidad, exactitud, amplitud, veracidad, validez y constitucionalidad de cualquier material o informaci\u00f3n contenida en ninguno de dichos hiperv\u00ednculos u otros sitios de Internet. Igualmente, la inclusi\u00f3n de estas conexiones externas no implicar\u00e1 ning\u00fan tipo de asociaci\u00f3n, fusi\u00f3n o participaci\u00f3n con las entidades conectadas. Aconsejamos a los Usuarios de estos a actuar con prudencia y consultar las eventuales condiciones legales que se expongan en dichas webs.<\/p>\n<p>\u00a0<\/p>\n<p>\u00a0<\/p>\n<p><strong>Legislaci\u00f3n<\/strong><\/p>\n<p>La relaci\u00f3n entre ABSOLUTE CONSTRUCTION creadora del sitio web y el USUARIO se regir\u00e1 por la normativa espa\u00f1ola vigente y cualquier controversia se someter\u00e1 a los Juzgados y tribunales de la ciudad de Madrid.<\/p>\n<p>\u00a0<\/p>\n<p>\u00a0<\/p>\n<p><strong>Contacte con nosotros<\/strong><\/p>\n<p>Si tiene Ud. cualquier pregunta sobre las condiciones reflejadas en este Aviso Legal, o si desea hacer cualquier sugerencia o recomendaci\u00f3n, por favor dir\u00edjase a nosotros a trav\u00e9s nuestro correo electr\u00f3nico <a href=\"mailto:info@absoluteconstruction.es\">info@absoluteconstruction.es<\/a>.<\/p>\n<p>\u00a0<\/p>\n<p>\u00a0<\/p>\n<p><strong>Versiones<\/strong><\/p>\n<p>ABSOLUTE CONSTRUCTION se reserva el derecho a modificar los t\u00e9rminos de este Aviso Legal de acuerdo con su criterio, a causa de un cambio normativo o de la pr\u00e1ctica de la organizaci\u00f3n. Tales modificaciones ser\u00e1n publicadas en este sitio web, facilitando los recursos necesarios al usuario para acceder a la lectura de estos. En cualquier caso, la relaci\u00f3n con los usuarios se regir\u00e1 por las normas previstas en el momento preciso en que se accede a este sitio web.<\/p>\n<p>\u00a0<\/p>\n<p><em>Fecha \u00faltima actualizaci\u00f3n: 8 de febrero de 2022<\/em><\/p>\n\t\t\t\t\t\t<\/div>\n\t\t\t\t<\/div>\n\t\t\t\t\t<\/div>\n\t\t<\/div>\n\t\t\t\t\t<\/div>\n\t\t<\/section>\n\t\t\t\t<\/div>\n\t\t","protected":false},"excerpt":{"rendered":"<p>Aviso Legal y Condiciones de Uso Titularidad del Sitio Web En cumplimiento con el deber de informaci\u00f3n recogido en el art\u00edculo 10 de la Ley 34\/2002 de 11 de julio, de Servicios de la Sociedad de la Informaci\u00f3n le comunicamos que el presente Sitio Web tiene como titular a: OBRAS Y SERVICIOS ABSOLUTE, S.L. (en [&hellip;]<\/p>\n","protected":false},"author":1,"featured_media":0,"parent":0,"menu_order":97,"comment_status":"closed","ping_status":"closed","template":"","meta":{"site-sidebar-layout":"no-sidebar","site-content-layout":"page-builder","ast-site-content-layout":"default","site-content-style":"default","site-sidebar-style":"default","ast-global-header-display":"","ast-banner-title-visibility":"","ast-main-header-display":"","ast-hfb-above-header-display":"","ast-hfb-below-header-display":"","ast-hfb-mobile-header-display":"","site-post-title":"disabled","ast-breadcrumbs-content":"","ast-featured-img":"disabled","footer-sml-layout":"","ast-disable-related-posts":"","theme-transparent-header-meta":"default","adv-header-id-meta":"","stick-header-meta":"","header-above-stick-meta":"","header-main-stick-meta":"","header-below-stick-meta":"","astra-migrate-meta-layouts":"default","ast-page-background-enabled":"default","ast-page-background-meta":{"desktop":{"background-color":"","background-image":"","background-repeat":"repeat","background-position":"center center","background-size":"auto","background-attachment":"scroll","background-type":"","background-media":"","overlay-type":"","overlay-color":"","overlay-opacity":"","overlay-gradient":""},"tablet":{"background-color":"","background-image":"","background-repeat":"repeat","background-position":"center center","background-size":"auto","background-attachment":"scroll","background-type":"","background-media":"","overlay-type":"","overlay-color":"","overlay-opacity":"","overlay-gradient":""},"mobile":{"background-color":"","background-image":"","background-repeat":"repeat","background-position":"center center","background-size":"auto","background-attachment":"scroll","background-type":"","background-media":"","overlay-type":"","overlay-color":"","overlay-opacity":"","overlay-gradient":""}},"ast-content-background-meta":{"desktop":{"background-color":"var(--ast-global-color-5)","background-image":"","background-repeat":"repeat","background-position":"center center","background-size":"auto","background-attachment":"scroll","background-type":"","background-media":"","overlay-type":"","overlay-color":"","overlay-opacity":"","overlay-gradient":""},"tablet":{"background-color":"var(--ast-global-color-5)","background-image":"","background-repeat":"repeat","background-position":"center center","background-size":"auto","background-attachment":"scroll","background-type":"","background-media":"","overlay-type":"","overlay-color":"","overlay-opacity":"","overlay-gradient":""},"mobile":{"background-color":"var(--ast-global-color-5)","background-image":"","background-repeat":"repeat","background-position":"center center","background-size":"auto","background-attachment":"scroll","background-type":"","background-media":"","overlay-type":"","overlay-color":"","overlay-opacity":"","overlay-gradient":""}}},"_links":{"self":[{"href":"https:\/\/absoluteconstruction.es\/de\/wp-json\/wp\/v2\/pages\/1106"}],"collection":[{"href":"https:\/\/absoluteconstruction.es\/de\/wp-json\/wp\/v2\/pages"}],"about":[{"href":"https:\/\/absoluteconstruction.es\/de\/wp-json\/wp\/v2\/types\/page"}],"author":[{"embeddable":true,"href":"https:\/\/absoluteconstruction.es\/de\/wp-json\/wp\/v2\/users\/1"}],"replies":[{"embeddable":true,"href":"https:\/\/absoluteconstruction.es\/de\/wp-json\/wp\/v2\/comments?post=1106"}],"version-history":[{"count":1,"href":"https:\/\/absoluteconstruction.es\/de\/wp-json\/wp\/v2\/pages\/1106\/revisions"}],"predecessor-version":[{"id":1107,"href":"https:\/\/absoluteconstruction.es\/de\/wp-json\/wp\/v2\/pages\/1106\/revisions\/1107"}],"wp:attachment":[{"href":"https:\/\/absoluteconstruction.es\/de\/wp-json\/wp\/v2\/media?parent=1106"}],"curies":[{"name":"wp","href":"https:\/\/api.w.org\/{rel}","templated":true}]}}